{"id":839,"date":"2024-10-10T22:19:36","date_gmt":"2024-10-10T20:19:36","guid":{"rendered":"https:\/\/moshka.es\/?page_id=839"},"modified":"2025-03-27T13:19:12","modified_gmt":"2025-03-27T12:19:12","slug":"politica-de-privacidad","status":"publish","type":"page","link":"https:\/\/moshka.es\/en\/politica-de-privacidad\/","title":{"rendered":"Pol\u00edtica de privacidad"},"content":{"rendered":"<div data-elementor-type=\"wp-page\" data-elementor-id=\"839\" class=\"elementor elementor-839\" data-elementor-post-type=\"page\">\n\t\t\t\t<div class=\"elementor-element elementor-element-45a60bfe e-flex e-con-boxed e-con e-parent\" data-id=\"45a60bfe\" data-element_type=\"container\" data-e-type=\"container\">\n\t\t\t\t\t<div class=\"e-con-inner\">\n\t\t\t\t<div class=\"elementor-element elementor-element-15e0e633 elementor-widget elementor-widget-text-editor\" data-id=\"15e0e633\" data-element_type=\"widget\" data-e-type=\"widget\" data-widget_type=\"text-editor.default\">\n\t\t\t\t<div class=\"elementor-widget-container\">\n\t\t\t\t\t\t\t\t\t<p><\/p>\n<h5 data-start=\"203\" data-end=\"670\"><strong data-start=\"203\" data-end=\"229\">1. Informaci\u00f3n General<\/strong><\/h5>\n<p data-start=\"203\" data-end=\"670\">En <strong>MOSHKA<\/strong> nos comprometemos a proteger tu privacidad y garantizar que tus datos personales sean tratados de forma segura y transparente. Esta Pol\u00edtica de Privacidad describe c\u00f3mo recopilamos, utilizamos, almacenamos y protegemos tu informaci\u00f3n personal, en cumplimiento del Reglamento General de Protecci\u00f3n de Datos (RGPD), la Ley Org\u00e1nica de Protecci\u00f3n de Datos y Garant\u00eda de los Derechos Digitales (LOPDGDD) y dem\u00e1s normativa aplicable.<\/p>\n<h5 data-start=\"672\" data-end=\"745\"><strong data-start=\"672\" data-end=\"711\">2. Datos Personales que Recopilamos<\/strong><\/h5>\n<p class=\"\" data-start=\"672\" data-end=\"745\">Recopilamos dos tipos de datos:<\/p>\n<p class=\"\" data-start=\"747\" data-end=\"792\">a) <strong data-start=\"750\" data-end=\"790\">Datos proporcionados por el usuario:<\/strong><\/p>\n<ul data-start=\"793\" data-end=\"1030\">\n<li class=\"\" data-start=\"793\" data-end=\"816\">\n<p class=\"\" data-start=\"795\" data-end=\"816\">Nombre y apellidos.<\/p>\n<\/li>\n<li class=\"\" data-start=\"817\" data-end=\"853\">\n<p class=\"\" data-start=\"819\" data-end=\"853\">Direcci\u00f3n de correo electr\u00f3nico.<\/p>\n<\/li>\n<li class=\"\" data-start=\"854\" data-end=\"891\">\n<p class=\"\" data-start=\"856\" data-end=\"891\">Direcci\u00f3n de env\u00edo y facturaci\u00f3n.<\/p>\n<\/li>\n<li class=\"\" data-start=\"892\" data-end=\"915\">\n<p class=\"\" data-start=\"894\" data-end=\"915\">N\u00famero de tel\u00e9fono.<\/p>\n<\/li>\n<li class=\"\" data-start=\"916\" data-end=\"1030\">\n<p class=\"\" data-start=\"918\" data-end=\"1030\">Datos de pago necesarios para procesar las compras (gestionados de forma segura por terceros, como WooCommerce).<\/p>\n<\/li>\n<\/ul>\n<p class=\"\" data-start=\"1032\" data-end=\"1073\">b) <strong data-start=\"1035\" data-end=\"1071\">Datos generados autom\u00e1ticamente:<\/strong><\/p>\n<ul data-start=\"1074\" data-end=\"1289\">\n<li class=\"\" data-start=\"1074\" data-end=\"1091\">\n<p class=\"\" data-start=\"1076\" data-end=\"1091\">Direcci\u00f3n IP.<\/p>\n<\/li>\n<li class=\"\" data-start=\"1092\" data-end=\"1200\">\n<p class=\"\" data-start=\"1094\" data-end=\"1200\">Datos de navegaci\u00f3n y del dispositivo (por ejemplo, tipo de navegador, idioma, p\u00e1ginas visitadas, etc.).<\/p>\n<\/li>\n<li class=\"\" data-start=\"1201\" data-end=\"1289\">\n<p class=\"\" data-start=\"1203\" data-end=\"1289\">Cookies (ver nuestra <a target=\"_new\" rel=\"noopener\" data-start=\"1224\" data-end=\"1287\">Pol\u00edtica de Cookies<\/a>).<\/p>\n<\/li>\n<\/ul>\n<p class=\"\" data-start=\"1291\" data-end=\"1366\"><em data-start=\"1291\" data-end=\"1366\">No tratamos datos sensibles, seg\u00fan lo definido en el art\u00edculo 9 del RGPD.<\/em><\/p>\n<h5 data-start=\"1368\" data-end=\"1515\"><strong data-start=\"1368\" data-end=\"1402\">3. Finalidades del Tratamiento<\/strong><\/h5>\n<p class=\"\" data-start=\"1368\" data-end=\"1515\">Tratamos tus datos personales \u00fanicamente cuando contamos con una base legal, y con las siguientes finalidades:<\/p>\n<ul data-start=\"1517\" data-end=\"2016\">\n<li class=\"\" data-start=\"1517\" data-end=\"1669\">\n<p class=\"\" data-start=\"1519\" data-end=\"1550\"><strong data-start=\"1519\" data-end=\"1548\">Ejecuci\u00f3n de un contrato:<\/strong><\/p>\n<ul data-start=\"1553\" data-end=\"1669\">\n<li class=\"\" data-start=\"1553\" data-end=\"1628\">\n<p class=\"\" data-start=\"1555\" data-end=\"1628\">Gestionar y procesar tus pedidos, incluida la facturaci\u00f3n y la entrega.<\/p>\n<\/li>\n<li class=\"\" data-start=\"1631\" data-end=\"1669\">\n<p class=\"\" data-start=\"1633\" data-end=\"1669\">Gestionar devoluciones y reembolsos.<\/p>\n<\/li>\n<\/ul>\n<\/li>\n<li class=\"\" data-start=\"1671\" data-end=\"1799\">\n<p class=\"\" data-start=\"1673\" data-end=\"1694\"><strong data-start=\"1673\" data-end=\"1692\">Consentimiento:<\/strong><\/p>\n<ul data-start=\"1697\" data-end=\"1799\">\n<li class=\"\" data-start=\"1697\" data-end=\"1799\">\n<p class=\"\" data-start=\"1699\" data-end=\"1799\">Enviar comunicaciones comerciales o promociones, siempre que hayas dado tu consentimiento expl\u00edcito.<\/p>\n<\/li>\n<\/ul>\n<\/li>\n<li class=\"\" data-start=\"1801\" data-end=\"1906\">\n<p class=\"\" data-start=\"1803\" data-end=\"1846\"><strong data-start=\"1803\" data-end=\"1844\">Cumplimiento de obligaciones legales:<\/strong><\/p>\n<ul data-start=\"1849\" data-end=\"1906\">\n<li class=\"\" data-start=\"1849\" data-end=\"1906\">\n<p class=\"\" data-start=\"1851\" data-end=\"1906\">Satisfacer requisitos fiscales, legales o regulatorios.<\/p>\n<\/li>\n<\/ul>\n<\/li>\n<li class=\"\" data-start=\"1908\" data-end=\"2016\">\n<p class=\"\" data-start=\"1910\" data-end=\"1936\"><strong data-start=\"1910\" data-end=\"1934\">Intereses leg\u00edtimos:<\/strong><\/p>\n<ul data-start=\"1939\" data-end=\"2016\">\n<li class=\"\" data-start=\"1939\" data-end=\"2016\">\n<p class=\"\" data-start=\"1941\" data-end=\"2016\">Mejorar nuestros servicios y garantizar la seguridad de nuestra plataforma.<\/p>\n<\/li>\n<\/ul>\n<\/li>\n<\/ul>\n<h5 data-start=\"2018\" data-end=\"2164\"><strong data-start=\"2018\" data-end=\"2055\">4. Plazo de Conservaci\u00f3n de Datos<\/strong><\/h5>\n<p class=\"\" data-start=\"2018\" data-end=\"2164\">Conservamos tus datos personales durante el tiempo necesario para cumplir con las finalidades mencionadas:<\/p>\n<ul data-start=\"2166\" data-end=\"2422\">\n<li class=\"\" data-start=\"2166\" data-end=\"2268\">\n<p class=\"\" data-start=\"2168\" data-end=\"2268\"><strong data-start=\"2168\" data-end=\"2195\">Datos de transacciones:<\/strong> Conservados durante 5 a\u00f1os, conforme a la legislaci\u00f3n fiscal espa\u00f1ola.<\/p>\n<\/li>\n<li class=\"\" data-start=\"2269\" data-end=\"2348\">\n<p class=\"\" data-start=\"2271\" data-end=\"2348\"><strong data-start=\"2271\" data-end=\"2294\">Datos de marketing:<\/strong> Se conservar\u00e1n hasta que retires tu consentimiento.<\/p>\n<\/li>\n<li class=\"\" data-start=\"2349\" data-end=\"2422\">\n<p class=\"\" data-start=\"2351\" data-end=\"2422\"><strong data-start=\"2351\" data-end=\"2383\">Datos asociados a tu cuenta:<\/strong> Mientras la cuenta se mantenga activa.<\/p>\n<\/li>\n<\/ul>\n<p class=\"\" data-start=\"2424\" data-end=\"2519\">Una vez finalizado el plazo o cumplida la finalidad, tus datos ser\u00e1n eliminados o anonimizados.<\/p>\n<h5 data-start=\"2521\" data-end=\"2611\"><strong data-start=\"2521\" data-end=\"2565\">5. Compartici\u00f3n y Transferencia de Datos<\/strong><\/h5>\n<p class=\"\" data-start=\"2521\" data-end=\"2611\">Podemos compartir tus datos personales con:<\/p>\n<ul data-start=\"2613\" data-end=\"2840\">\n<li class=\"\" data-start=\"2613\" data-end=\"2750\">\n<p class=\"\" data-start=\"2615\" data-end=\"2646\"><strong data-start=\"2615\" data-end=\"2644\">Proveedores de servicios:<\/strong><\/p>\n<ul data-start=\"2649\" data-end=\"2750\">\n<li class=\"\" data-start=\"2649\" data-end=\"2750\">\n<p class=\"\" data-start=\"2651\" data-end=\"2750\">Plataformas de pago, servicios de env\u00edo y herramientas de an\u00e1lisis (por ejemplo, Google Analytics).<\/p>\n<\/li>\n<\/ul>\n<\/li>\n<li class=\"\" data-start=\"2752\" data-end=\"2840\">\n<p class=\"\" data-start=\"2754\" data-end=\"2780\"><strong data-start=\"2754\" data-end=\"2778\">Autoridades legales:<\/strong><\/p>\n<ul data-start=\"2783\" data-end=\"2840\">\n<li class=\"\" data-start=\"2783\" data-end=\"2840\">\n<p class=\"\" data-start=\"2785\" data-end=\"2840\">Cuando sea necesario para cumplir obligaciones legales.<\/p>\n<\/li>\n<\/ul>\n<\/li>\n<\/ul>\n<p class=\"\" data-start=\"2842\" data-end=\"3032\">En caso de transferencias internacionales de datos, garantizamos que se implementen las salvaguardas necesarias (por ejemplo, cl\u00e1usulas contractuales tipo aprobadas por la Comisi\u00f3n Europea).<\/p>\n<h5 data-start=\"3034\" data-end=\"3120\"><strong data-start=\"3034\" data-end=\"3053\">6. Tus Derechos<\/strong><\/h5>\n<p class=\"\" data-start=\"3034\" data-end=\"3120\">Como usuario, tienes los siguientes derechos en virtud del RGPD:<\/p>\n<ul data-start=\"3122\" data-end=\"3798\">\n<li class=\"\" data-start=\"3122\" data-end=\"3226\">\n<p class=\"\" data-start=\"3124\" data-end=\"3226\"><strong data-start=\"3124\" data-end=\"3135\">Acceso:<\/strong> Solicitar informaci\u00f3n sobre el tratamiento de tus datos y obtener una copia de los mismos.<\/p>\n<\/li>\n<li class=\"\" data-start=\"3227\" data-end=\"3287\">\n<p class=\"\" data-start=\"3229\" data-end=\"3287\"><strong data-start=\"3229\" data-end=\"3247\">Rectificaci\u00f3n:<\/strong> Corregir datos inexactos o incompletos.<\/p>\n<\/li>\n<li class=\"\" data-start=\"3288\" data-end=\"3372\">\n<p class=\"\" data-start=\"3290\" data-end=\"3372\"><strong data-start=\"3290\" data-end=\"3304\">Supresi\u00f3n:<\/strong> Solicitar la eliminaci\u00f3n de tus datos cuando ya no sean necesarios.<\/p>\n<\/li>\n<li class=\"\" data-start=\"3373\" data-end=\"3473\">\n<p class=\"\" data-start=\"3375\" data-end=\"3473\"><strong data-start=\"3375\" data-end=\"3392\">Portabilidad:<\/strong> Recibir tus datos en un formato estructurado y transferirlos a otro responsable.<\/p>\n<\/li>\n<li class=\"\" data-start=\"3474\" data-end=\"3562\">\n<p class=\"\" data-start=\"3476\" data-end=\"3562\"><strong data-start=\"3476\" data-end=\"3491\">Limitaci\u00f3n:<\/strong> Restringir el tratamiento de tus datos en determinadas circunstancias.<\/p>\n<\/li>\n<li class=\"\" data-start=\"3563\" data-end=\"3656\">\n<p class=\"\" data-start=\"3565\" data-end=\"3656\"><strong data-start=\"3565\" data-end=\"3579\">Oposici\u00f3n:<\/strong> Oponerte al tratamiento de tus datos, especialmente para fines de marketing.<\/p>\n<\/li>\n<li class=\"\" data-start=\"3657\" data-end=\"3798\">\n<p class=\"\" data-start=\"3659\" data-end=\"3798\"><strong data-start=\"3659\" data-end=\"3691\">Retirada del consentimiento:<\/strong> Revocar el consentimiento otorgado sin que ello afecte la legalidad del tratamiento realizado previamente.<\/p>\n<\/li>\n<\/ul>\n<p class=\"\" data-start=\"3800\" data-end=\"4049\">Para ejercer estos derechos, puedes contactarnos en:<br data-start=\"3852\" data-end=\"3855\" \/><strong data-start=\"3855\" data-end=\"3878\">Correo electr\u00f3nico:<\/strong> <a rel=\"noopener\" data-start=\"3879\" data-end=\"3893\">info@moshka.es<\/a><br data-start=\"3893\" data-end=\"3896\" \/>Adem\u00e1s, tienes derecho a presentar una reclamaci\u00f3n ante la Agencia Espa\u00f1ola de Protecci\u00f3n de Datos (AEPD) si consideras que hemos vulnerado la normativa.<\/p>\n<h5 data-start=\"4051\" data-end=\"4135\"><strong data-start=\"4051\" data-end=\"4085\">7. Responsable del Tratamiento<\/strong><\/h5>\n<p class=\"\" data-start=\"4051\" data-end=\"4135\">El responsable del tratamiento de tus datos en MOSHKA es la persona designada para administrar nuestra plataforma. En concreto, se trata del titular identificado como Francisco J. Mor\u00e1n Almenara; su domicilio se encuentra en la direcci\u00f3n Molino 6, Lucena, C\u00f3rdoba, 14900, Espa\u00f1a, y para contactar puedes escribir al correo <a rel=\"noopener\" data-start=\"356\" data-end=\"370\">info@moshka.es<\/a><\/p>\n<h5 data-start=\"4291\" data-end=\"4563\"><strong data-start=\"4291\" data-end=\"4341\">8. Uso de Cookies y Tecnolog\u00edas de Seguimiento<\/strong><\/h5>\n<p class=\"\" data-start=\"4291\" data-end=\"4563\">Nuestro sitio utiliza cookies y tecnolog\u00edas similares para mejorar tu experiencia y analizar el tr\u00e1fico. Para gestionar tus preferencias, consulta nuestra <a target=\"_new\" rel=\"noopener\" data-start=\"4499\" data-end=\"4562\">Pol\u00edtica de Cookies<\/a>.<\/p>\n<h5 data-start=\"4565\" data-end=\"4755\"><strong data-start=\"4565\" data-end=\"4592\">9. Medidas de Seguridad<\/strong><\/h5>\n<p class=\"\" data-start=\"4565\" data-end=\"4755\">Implementamos medidas t\u00e9cnicas y organizativas adecuadas para proteger tus datos personales contra accesos no autorizados, p\u00e9rdidas, destrucci\u00f3n o alteraciones.<\/p>\n<h5 data-start=\"4757\" data-end=\"5028\"><strong data-start=\"4757\" data-end=\"4808\">10. Modificaciones de la Pol\u00edtica de Privacidad<\/strong><\/h5>\n<p class=\"\" data-start=\"4757\" data-end=\"5028\">Podemos actualizar esta Pol\u00edtica de Privacidad para adaptarnos a cambios normativos o mejoras en nuestros servicios. La versi\u00f3n m\u00e1s reciente estar\u00e1 siempre disponible en:<br data-start=\"4981\" data-end=\"4984\" \/><a class=\"\" href=\"https:\/\/moshka.es\/en\/\" target=\"_new\" rel=\"noopener\" data-start=\"4984\" data-end=\"5028\">http:\/\/www.moshka.es<\/a><\/p>\n<h5 data-start=\"5030\" data-end=\"5182\"><strong data-start=\"5030\" data-end=\"5042\">Contact<\/strong><\/h5>\n<p class=\"\" data-start=\"5030\" data-end=\"5182\">Si tienes alguna pregunta o deseas m\u00e1s informaci\u00f3n sobre esta pol\u00edtica, cont\u00e1ctanos a trav\u00e9s de:<br data-start=\"5141\" data-end=\"5144\" \/><strong data-start=\"5144\" data-end=\"5167\">Correo electr\u00f3nico:<\/strong> <a rel=\"noopener\" data-start=\"5168\" data-end=\"5182\">info@moshka.es<\/a><\/p>\n<p><\/p>\n<p><\/p>\t\t\t\t\t\t\t\t<\/div>\n\t\t\t\t<\/div>\n\t\t\t\t\t<\/div>\n\t\t\t\t<\/div>\n\t\t\t\t<\/div>","protected":false},"excerpt":{"rendered":"<p>1. Informaci\u00f3n General En MOSHKA nos comprometemos a proteger tu privacidad y garantizar que tus datos personales sean tratados de forma segura y transparente. Esta Pol\u00edtica de Privacidad describe c\u00f3mo recopilamos, utilizamos, almacenamos y protegemos tu informaci\u00f3n personal, en cumplimiento del Reglamento General de Protecci\u00f3n de Datos (RGPD), la Ley Org\u00e1nica de Protecci\u00f3n de Datos [&hellip;]<\/p>\n","protected":false},"author":1,"featured_media":0,"parent":0,"menu_order":0,"comment_status":"closed","ping_status":"closed","template":"","meta":{"footnotes":""},"class_list":["post-839","page","type-page","status-publish","hentry"],"_links":{"self":[{"href":"https:\/\/moshka.es\/en\/wp-json\/wp\/v2\/pages\/839","targetHints":{"allow":["GET"]}}],"collection":[{"href":"https:\/\/moshka.es\/en\/wp-json\/wp\/v2\/pages"}],"about":[{"href":"https:\/\/moshka.es\/en\/wp-json\/wp\/v2\/types\/page"}],"author":[{"embeddable":true,"href":"https:\/\/moshka.es\/en\/wp-json\/wp\/v2\/users\/1"}],"replies":[{"embeddable":true,"href":"https:\/\/moshka.es\/en\/wp-json\/wp\/v2\/comments?post=839"}],"version-history":[{"count":7,"href":"https:\/\/moshka.es\/en\/wp-json\/wp\/v2\/pages\/839\/revisions"}],"predecessor-version":[{"id":1053,"href":"https:\/\/moshka.es\/en\/wp-json\/wp\/v2\/pages\/839\/revisions\/1053"}],"wp:attachment":[{"href":"https:\/\/moshka.es\/en\/wp-json\/wp\/v2\/media?parent=839"}],"curies":[{"name":"wp","href":"https:\/\/api.w.org\/{rel}","templated":true}]}}