{"id":988,"date":"2024-11-22T14:00:52","date_gmt":"2024-11-22T13:00:52","guid":{"rendered":"https:\/\/moshka.es\/?page_id=988"},"modified":"2025-03-27T12:28:54","modified_gmt":"2025-03-27T11:28:54","slug":"politica-cookies","status":"publish","type":"page","link":"https:\/\/moshka.es\/en\/politica-cookies\/","title":{"rendered":"Pol\u00edtica de Cookies"},"content":{"rendered":"<div data-elementor-type=\"wp-page\" data-elementor-id=\"988\" class=\"elementor elementor-988\" data-elementor-post-type=\"page\">\n\t\t\t\t<div class=\"elementor-element elementor-element-175c986d e-flex e-con-boxed e-con e-parent\" data-id=\"175c986d\" data-element_type=\"container\" data-e-type=\"container\">\n\t\t\t\t\t<div class=\"e-con-inner\">\n\t\t\t\t<div class=\"elementor-element elementor-element-2faf1c2f elementor-widget elementor-widget-text-editor\" data-id=\"2faf1c2f\" data-element_type=\"widget\" data-e-type=\"widget\" data-widget_type=\"text-editor.default\">\n\t\t\t\t<div class=\"elementor-widget-container\">\n\t\t\t\t\t\t\t\t\t<p><\/p>\n<p><span style=\"text-align: var(--text-align); color: var( --e-global-color-primary ); font-family: var( --e-global-typography-b2ce6af-font-family ), Sans-serif; font-size: var( --e-global-typography-b2ce6af-font-size ); font-style: var( --e-global-typography-b2ce6af-font-style ); font-weight: var( --e-global-typography-b2ce6af-font-weight ); text-transform: var( --e-global-typography-b2ce6af-text-transform );\">En <strong>MOSHKA<\/strong>, utilizamos cookies y tecnolog\u00edas similares para mejorar tu experiencia de usuario, garantizar el correcto funcionamiento de nuestro sitio web y analizar el uso de nuestros servicios. A continuaci\u00f3n, te explicamos qu\u00e9 son las cookies, qu\u00e9 tipos utilizamos y c\u00f3mo puedes gestionarlas.<\/span><\/p>\n<h5 data-start=\"542\" data-end=\"567\"><strong data-start=\"542\" data-end=\"567\">\u00bfQu\u00e9 son las cookies?<\/strong><\/h5>\n<p data-start=\"569\" data-end=\"867\">Las cookies son peque\u00f1os archivos de texto que se almacenan en tu dispositivo (ordenador, smartphone, tablet, etc.) cuando visitas un sitio web. Estas permiten al sitio recordar informaci\u00f3n sobre tu visita, como tus preferencias y acciones, facilitando una navegaci\u00f3n m\u00e1s eficiente y personalizada.<\/p>\n<h5 data-start=\"869\" data-end=\"906\"><strong data-start=\"869\" data-end=\"906\">\u00bfQu\u00e9 tipos de cookies utilizamos?<\/strong><\/h5>\n<p data-start=\"908\" data-end=\"971\">Nuestro sitio web utiliza las siguientes categor\u00edas de cookies:<\/p>\n<ol data-start=\"973\" data-end=\"2397\">\n<li data-start=\"973\" data-end=\"1384\">\n<p data-start=\"976\" data-end=\"1010\"><strong data-start=\"976\" data-end=\"1010\">Cookies esenciales o t\u00e9cnicas:<\/strong><\/p>\n<ul data-start=\"1014\" data-end=\"1384\">\n<li data-start=\"1014\" data-end=\"1147\">\n<p data-start=\"1016\" data-end=\"1147\"><strong data-start=\"1016\" data-end=\"1030\">Finalidad:<\/strong> Garantizan el funcionamiento b\u00e1sico del sitio web y permiten la utilizaci\u00f3n de sus servicios y funciones esenciales.<\/p>\n<\/li>\n<li data-start=\"1151\" data-end=\"1261\">\n<p data-start=\"1153\" data-end=\"1261\"><strong data-start=\"1153\" data-end=\"1166\">Ejemplos:<\/strong> Gesti\u00f3n de sesiones, mantenimiento de la configuraci\u00f3n de privacidad y acceso a \u00e1reas seguras.<\/p>\n<\/li>\n<li data-start=\"1265\" data-end=\"1384\">\n<p data-start=\"1267\" data-end=\"1384\"><strong data-start=\"1267\" data-end=\"1286\">Consentimiento:<\/strong> Estas cookies son necesarias y se instalan autom\u00e1ticamente sin requerir tu consentimiento previo.<\/p>\n<\/li>\n<\/ul>\n<\/li>\n<li data-start=\"1386\" data-end=\"1665\">\n<p data-start=\"1389\" data-end=\"1420\"><strong data-start=\"1389\" data-end=\"1420\">Cookies de personalizaci\u00f3n:<\/strong><\/p>\n<ul data-start=\"1424\" data-end=\"1665\">\n<li data-start=\"1424\" data-end=\"1575\">\n<p data-start=\"1426\" data-end=\"1575\"><strong data-start=\"1426\" data-end=\"1440\">Finalidad:<\/strong> Permiten recordar tus preferencias, como el idioma o la regi\u00f3n desde la que accedes, para ofrecerte una experiencia m\u00e1s personalizada.<\/p>\n<\/li>\n<li data-start=\"1579\" data-end=\"1665\">\n<p data-start=\"1581\" data-end=\"1665\"><strong data-start=\"1581\" data-end=\"1600\">Consentimiento:<\/strong> Se requiere tu consentimiento expl\u00edcito antes de su instalaci\u00f3n.<\/p>\n<\/li>\n<\/ul>\n<\/li>\n<li data-start=\"1667\" data-end=\"2056\">\n<p data-start=\"1670\" data-end=\"1693\"><strong data-start=\"1670\" data-end=\"1693\">Cookies anal\u00edticas:<\/strong><\/p>\n<ul data-start=\"1697\" data-end=\"2056\">\n<li data-start=\"1697\" data-end=\"1902\">\n<p data-start=\"1699\" data-end=\"1902\"><strong data-start=\"1699\" data-end=\"1713\">Finalidad:<\/strong> Recopilan informaci\u00f3n sobre c\u00f3mo utilizas nuestro sitio web, como las p\u00e1ginas que visitas y los enlaces en los que haces clic, con el objetivo de mejorar el rendimiento y dise\u00f1o del sitio.<\/p>\n<\/li>\n<li data-start=\"1906\" data-end=\"1961\">\n<p data-start=\"1908\" data-end=\"1961\"><strong data-start=\"1908\" data-end=\"1922\">Proveedor:<\/strong> Google Analytics (datos anonimizados).<\/p>\n<\/li>\n<li data-start=\"1965\" data-end=\"2056\">\n<p data-start=\"1967\" data-end=\"2056\"><strong data-start=\"1967\" data-end=\"1986\">Consentimiento:<\/strong> Estas cookies solo se instalar\u00e1n si otorgas tu consentimiento previo.<\/p>\n<\/li>\n<\/ul>\n<\/li>\n<li data-start=\"2058\" data-end=\"2397\">\n<p data-start=\"2061\" data-end=\"2104\"><strong data-start=\"2061\" data-end=\"2104\">Cookies publicitarias y de seguimiento:<\/strong><\/p>\n<ul data-start=\"2108\" data-end=\"2397\">\n<li data-start=\"2108\" data-end=\"2259\">\n<p data-start=\"2110\" data-end=\"2259\"><strong data-start=\"2110\" data-end=\"2124\">Finalidad:<\/strong> Se utilizan para mostrarte anuncios personalizados basados en tus intereses y medir la efectividad de nuestras campa\u00f1as publicitarias.<\/p>\n<\/li>\n<li data-start=\"2263\" data-end=\"2309\">\n<p data-start=\"2265\" data-end=\"2309\"><strong data-start=\"2265\" data-end=\"2281\">Proveedores:<\/strong> Google Ads, Facebook Pixel.<\/p>\n<\/li>\n<li data-start=\"2313\" data-end=\"2397\">\n<p data-start=\"2315\" data-end=\"2397\"><strong data-start=\"2315\" data-end=\"2334\">Consentimiento:<\/strong> Requieren tu consentimiento expl\u00edcito antes de su instalaci\u00f3n.<\/p>\n<\/li>\n<\/ul>\n<\/li>\n<\/ol>\n<h5 data-start=\"2399\" data-end=\"2459\"><strong data-start=\"2399\" data-end=\"2459\">\u00bfCu\u00e1nto tiempo permanecen las cookies en tu dispositivo?<\/strong><\/h5>\n<ul data-start=\"2461\" data-end=\"2759\">\n<li data-start=\"2461\" data-end=\"2537\">\n<p data-start=\"2463\" data-end=\"2537\"><strong data-start=\"2463\" data-end=\"2485\">Cookies de sesi\u00f3n:<\/strong> Se eliminan autom\u00e1ticamente al cerrar tu navegador.<\/p>\n<\/li>\n<li data-start=\"2538\" data-end=\"2759\">\n<p data-start=\"2540\" data-end=\"2759\"><strong data-start=\"2540\" data-end=\"2565\">Cookies persistentes:<\/strong> Permanecen en tu dispositivo durante un per\u00edodo determinado o hasta que las elimines manualmente. La duraci\u00f3n espec\u00edfica de estas cookies se indica en nuestra herramienta de gesti\u00f3n de cookies.<\/p>\n<\/li>\n<\/ul>\n<h5 data-start=\"2761\" data-end=\"2783\"><strong data-start=\"2761\" data-end=\"2783\">Gesti\u00f3n de cookies<\/strong><\/h5>\n<p data-start=\"2785\" data-end=\"2866\">Tienes el control sobre las cookies y puedes gestionarlas seg\u00fan tus preferencias:<\/p>\n<ol data-start=\"2868\" data-end=\"4035\">\n<li data-start=\"2868\" data-end=\"3482\">\n<p data-start=\"2871\" data-end=\"2916\"><strong data-start=\"2871\" data-end=\"2916\">Configuraci\u00f3n de cookies en el sitio web:<\/strong><\/p>\n<ul data-start=\"2920\" data-end=\"3482\">\n<li data-start=\"2920\" data-end=\"3347\">\n<p data-start=\"2922\" data-end=\"3001\">Al visitar nuestro sitio por primera vez, aparecer\u00e1 un banner que te permitir\u00e1:<\/p>\n<ul data-start=\"3007\" data-end=\"3347\">\n<li data-start=\"3007\" data-end=\"3112\">\n<p data-start=\"3009\" data-end=\"3112\"><strong data-start=\"3009\" data-end=\"3039\">Aceptar todas las cookies:<\/strong> Se instalar\u00e1n todas las categor\u00edas de cookies mencionadas anteriormente.<\/p>\n<\/li>\n<li data-start=\"3118\" data-end=\"3238\">\n<p data-start=\"3120\" data-end=\"3238\"><strong data-start=\"3120\" data-end=\"3151\">Rechazar todas las cookies:<\/strong> Solo se instalar\u00e1n las cookies esenciales necesarias para el funcionamiento del sitio.<\/p>\n<\/li>\n<li data-start=\"3244\" data-end=\"3347\">\n<p data-start=\"3246\" data-end=\"3347\"><strong data-start=\"3246\" data-end=\"3280\">Personalizar tus preferencias:<\/strong> Podr\u00e1s seleccionar qu\u00e9 tipos de cookies deseas aceptar o rechazar.<\/p>\n<\/li>\n<\/ul>\n<\/li>\n<li data-start=\"3352\" data-end=\"3482\">\n<p data-start=\"3354\" data-end=\"3482\">Puedes modificar tus preferencias en cualquier momento accediendo a la configuraci\u00f3n de cookies disponible en nuestro sitio web.<\/p>\n<\/li>\n<\/ul>\n<\/li>\n<li data-start=\"3484\" data-end=\"4035\">\n<p data-start=\"3487\" data-end=\"3524\"><strong data-start=\"3487\" data-end=\"3524\">Configuraci\u00f3n desde el navegador:<\/strong><\/p>\n<ul data-start=\"3528\" data-end=\"4035\">\n<li data-start=\"3528\" data-end=\"4035\">\n<p data-start=\"3530\" data-end=\"3699\">Puedes configurar tu navegador para aceptar, bloquear o eliminar cookies. A continuaci\u00f3n, te proporcionamos enlaces a las instrucciones de los navegadores m\u00e1s populares:<\/p>\n<ul data-start=\"3705\" data-end=\"4035\">\n<li data-start=\"3705\" data-end=\"3776\">\n<p data-start=\"3707\" data-end=\"3776\"><a href=\"https:\/\/support.google.com\/accounts\/answer\/32050?hl=es&amp;co=GENIE.Platform%3DDesktop\" target=\"_new\" rel=\"noopener\" data-start=\"3707\" data-end=\"3776\">Google Chrome<\/a><\/p>\n<\/li>\n<li data-start=\"3782\" data-end=\"3855\">\n<p data-start=\"3784\" data-end=\"3855\"><a href=\"https:\/\/support.mozilla.org\/es\/kb\/Eliminar%20cookies\" target=\"_new\" rel=\"noopener\" data-start=\"3784\" data-end=\"3855\">Mozilla Firefox<\/a><\/p>\n<\/li>\n<li data-start=\"3861\" data-end=\"3931\">\n<p data-start=\"3863\" data-end=\"3931\"><a href=\"https:\/\/support.apple.com\/es-es\/guide\/safari\/sfri11471\/mac\" target=\"_new\" rel=\"noopener\" data-start=\"3863\" data-end=\"3931\">Safari<\/a><\/p>\n<\/li>\n<li data-start=\"3937\" data-end=\"4035\">\n<p data-start=\"3939\" data-end=\"4035\"><a href=\"https:\/\/support.microsoft.com\/es-es\/help\/4027947\/microsoft-edge-delete-cookies\" target=\"_new\" rel=\"noopener\" data-start=\"3939\" data-end=\"4035\">Microsoft Edge<\/a><\/p>\n<\/li>\n<\/ul>\n<\/li>\n<\/ul>\n<\/li>\n<\/ol>\n<h5 data-start=\"4037\" data-end=\"4060\"><strong data-start=\"4037\" data-end=\"4060\">Cookies de terceros<\/strong><\/h5>\n<p data-start=\"4062\" data-end=\"4321\">Algunas cookies utilizadas en nuestro sitio son gestionadas por terceros, como Google o Facebook, que pueden recopilar datos para sus propios fines. Te recomendamos revisar sus pol\u00edticas de privacidad para obtener m\u00e1s informaci\u00f3n sobre c\u00f3mo manejan tus datos:<\/p>\n<ul data-start=\"4323\" data-end=\"4442\">\n<li data-start=\"4323\" data-end=\"4386\">\n<p data-start=\"4325\" data-end=\"4386\"><a href=\"https:\/\/policies.google.com\/technologies\/cookies?hl=es\">Google Analytics<\/a><\/p>\n<\/li>\n<li data-start=\"4387\" data-end=\"4442\">\n<p data-start=\"4389\" data-end=\"4442\"><a href=\"https:\/\/www.facebook.com\/policy.php\" target=\"_new\" rel=\"noopener\" data-start=\"4389\" data-end=\"4442\">Facebook Pixel<\/a><\/p>\n<\/li>\n<\/ul>\n<h5 data-start=\"4444\" data-end=\"4480\"><strong data-start=\"4444\" data-end=\"4480\">Actualizaciones de esta pol\u00edtica<\/strong><\/h5>\n<p data-start=\"4482\" data-end=\"4703\">Podemos modificar esta Pol\u00edtica de Cookies en cualquier momento para adaptarnos a cambios normativos o t\u00e9cnicos. La versi\u00f3n actualizada estar\u00e1 siempre disponible en el enlace de \u00abPol\u00edtica de Cookies\u00bb en nuestro sitio web.<\/p>\n<h5 data-start=\"4705\" data-end=\"4717\"><strong data-start=\"4705\" data-end=\"4717\">Contact<\/strong><\/h5>\n<p data-start=\"4719\" data-end=\"4817\">Si tienes preguntas sobre el uso de cookies en nuestro sitio web, puedes contactarnos a trav\u00e9s de:<\/p>\n<ul data-start=\"4819\" data-end=\"4859\">\n<li data-start=\"4819\" data-end=\"4859\">\n<p data-start=\"4821\" data-end=\"4859\"><strong data-start=\"4821\" data-end=\"4844\">Correo electr\u00f3nico:<\/strong> info@moshka.es<\/p>\n<\/li>\n<\/ul>\n<p><\/p>\n<p><!-- \/wp:list --><!-- wp:paragraph --><\/p>\n<p><!-- \/wp:paragraph --><\/p>\t\t\t\t\t\t\t\t<\/div>\n\t\t\t\t<\/div>\n\t\t\t\t\t<\/div>\n\t\t\t\t<\/div>\n\t\t\t\t<\/div>","protected":false},"excerpt":{"rendered":"<p>En MOSHKA, utilizamos cookies y tecnolog\u00edas similares para mejorar tu experiencia de usuario, garantizar el correcto funcionamiento de nuestro sitio web y analizar el uso de nuestros servicios. A continuaci\u00f3n, te explicamos qu\u00e9 son las cookies, qu\u00e9 tipos utilizamos y c\u00f3mo puedes gestionarlas. \u00bfQu\u00e9 son las cookies? Las cookies son peque\u00f1os archivos de texto que [&hellip;]<\/p>\n","protected":false},"author":2,"featured_media":0,"parent":0,"menu_order":0,"comment_status":"closed","ping_status":"closed","template":"","meta":{"footnotes":""},"class_list":["post-988","page","type-page","status-publish","hentry"],"_links":{"self":[{"href":"https:\/\/moshka.es\/en\/wp-json\/wp\/v2\/pages\/988","targetHints":{"allow":["GET"]}}],"collection":[{"href":"https:\/\/moshka.es\/en\/wp-json\/wp\/v2\/pages"}],"about":[{"href":"https:\/\/moshka.es\/en\/wp-json\/wp\/v2\/types\/page"}],"author":[{"embeddable":true,"href":"https:\/\/moshka.es\/en\/wp-json\/wp\/v2\/users\/2"}],"replies":[{"embeddable":true,"href":"https:\/\/moshka.es\/en\/wp-json\/wp\/v2\/comments?post=988"}],"version-history":[{"count":4,"href":"https:\/\/moshka.es\/en\/wp-json\/wp\/v2\/pages\/988\/revisions"}],"predecessor-version":[{"id":1044,"href":"https:\/\/moshka.es\/en\/wp-json\/wp\/v2\/pages\/988\/revisions\/1044"}],"wp:attachment":[{"href":"https:\/\/moshka.es\/en\/wp-json\/wp\/v2\/media?parent=988"}],"curies":[{"name":"wp","href":"https:\/\/api.w.org\/{rel}","templated":true}]}}