{"id":321,"date":"2024-07-26T15:58:32","date_gmt":"2024-07-26T13:58:32","guid":{"rendered":"https:\/\/moshka.es\/?post_type=product&#038;p=321"},"modified":"2025-11-25T17:11:42","modified_gmt":"2025-11-25T16:11:42","slug":"fury","status":"publish","type":"product","link":"https:\/\/moshka.es\/en\/product\/fury\/","title":{"rendered":"Fury"},"content":{"rendered":"<p><strong>Caracter\u00edsticas y tecnolog\u00edas de la pala:<\/strong><\/p>\n<p>Pala que destaca por el control del juego pero tambi\u00e9n tiene una velocidad consistente para el juego de volea. Fibra de carbono con acabado texturizado m\u00e1s duradero que proporciona el m\u00e1ximo efecto. Bordes termosellados para mayor estabilidad y punto dulce ampliado. N\u00facleo de polipropileno (PP en forma de panel de abeja, que proporciona rigidez en su estructura. Mango largo ideal para rev\u00e9s a dos manos Distribuci\u00f3n equilibrada del peso con forma est\u00e1ndar.<\/p>\n<p><strong>Especificaciones t\u00e9cnicas:<\/strong><\/p>\n<ul>\n<li>Longitud pala: 40cm<\/li>\n<li>Ancho pala: 19,5cm<\/li>\n<li>Longitud mango: 12,5cm<\/li>\n<li>Circunferencia mango: 11cm<\/li>\n<li>Peso: 225 +\/-5g<\/li>\n<li>Material pala: Fibra de Carbono con textura rugosa<\/li>\n<li>Forma pala: Est\u00e1ndar<\/li>\n<li>Material n\u00facleo: Polipropileno en forma de panel de abeja<\/li>\n<li>Anchura n\u00facleo: 16mm<\/li>\n<li>Protecci\u00f3n del canto: Si<\/li>\n<\/ul>","protected":false},"excerpt":{"rendered":"<p>Esta pala est\u00e1 dise\u00f1ada para jugadores que buscan un equilibrio perfecto entre control y velocidad. Con su superficie texturizada y tecnolog\u00eda avanzada, proporciona una combinaci\u00f3n ideal de precisi\u00f3n y potencia, haciendo que cada golpe sea consistente y efectivo.<\/p>","protected":false},"featured_media":405,"comment_status":"open","ping_status":"closed","template":"","meta":[],"product_brand":[],"product_cat":[76],"product_tag":[],"class_list":{"0":"post-321","1":"product","2":"type-product","3":"status-publish","4":"has-post-thumbnail","6":"product_cat-palas-pickleball","8":"first","9":"instock","10":"featured","11":"taxable","12":"shipping-taxable","13":"purchasable","14":"product-type-simple"},"_links":{"self":[{"href":"https:\/\/moshka.es\/en\/wp-json\/wp\/v2\/product\/321","targetHints":{"allow":["GET"]}}],"collection":[{"href":"https:\/\/moshka.es\/en\/wp-json\/wp\/v2\/product"}],"about":[{"href":"https:\/\/moshka.es\/en\/wp-json\/wp\/v2\/types\/product"}],"replies":[{"embeddable":true,"href":"https:\/\/moshka.es\/en\/wp-json\/wp\/v2\/comments?post=321"}],"wp:featuredmedia":[{"embeddable":true,"href":"https:\/\/moshka.es\/en\/wp-json\/wp\/v2\/media\/405"}],"wp:attachment":[{"href":"https:\/\/moshka.es\/en\/wp-json\/wp\/v2\/media?parent=321"}],"wp:term":[{"taxonomy":"product_brand","embeddable":true,"href":"https:\/\/moshka.es\/en\/wp-json\/wp\/v2\/product_brand?post=321"},{"taxonomy":"product_cat","embeddable":true,"href":"https:\/\/moshka.es\/en\/wp-json\/wp\/v2\/product_cat?post=321"},{"taxonomy":"product_tag","embeddable":true,"href":"https:\/\/moshka.es\/en\/wp-json\/wp\/v2\/product_tag?post=321"}],"curies":[{"name":"wp","href":"https:\/\/api.w.org\/{rel}","templated":true}]}}