{"id":324,"date":"2024-07-26T16:08:55","date_gmt":"2024-07-26T14:08:55","guid":{"rendered":"https:\/\/moshka.es\/?post_type=product&#038;p=324"},"modified":"2025-07-28T17:31:44","modified_gmt":"2025-07-28T15:31:44","slug":"original-pro-attack","status":"publish","type":"product","link":"https:\/\/moshka.es\/en\/product\/original-pro-attack\/","title":{"rendered":"Original Pro Attack"},"content":{"rendered":"<p><strong>Caracter\u00edsticas y tecnolog\u00edas de la pala:<\/strong><\/p>\n<p>La pala destaca por su capacidad de generar una gran potencia sin perder el control en el juego. Ideal para jugadores avanzados que buscan un equilibrio perfecto entre ambos aspectos. Fibra de carbono 18K, que es m\u00e1s resistente y ligera comparada con versiones inferiores de carbono. Bordes termosellados para mayor estabilidad y punto dulce ampliado. N\u00facleo de polipropileno (PP) en forma de panel de abeja, proporcionando una estructura r\u00edgida. Mango ideal para jugadores que utilizan el rev\u00e9s a dos manos. Distribuci\u00f3n equilibrada del peso y una forma est\u00e1ndar que optimiza el rendimiento en todas las \u00e1reas del juego.<\/p>\n<p><strong>Especificaciones t\u00e9cnicas:<\/strong><\/p>\n<ul>\n<li>Longitud pala: 40cm<\/li>\n<li>Ancho pala: 19,5cm<\/li>\n<li>Longitud mango: 13cm<\/li>\n<li>Circunferencia mango: 11cm<\/li>\n<li>Peso: 230 +\/-5g<\/li>\n<li>Material pala: Fibra de Carbono 18K<\/li>\n<li>Forma pala:\u00a0Est\u00e1ndar<\/li>\n<li>Material n\u00facleo: Polipropileno en forma de panel de abeja<\/li>\n<li>Anchura n\u00facleo: 13mm<\/li>\n<li>Protecci\u00f3n del canto: Si<\/li>\n<li>Aprobada por la USAPA<\/li>\n<\/ul>","protected":false},"excerpt":{"rendered":"<p>El modelo Original Pro Attack est\u00e1 dise\u00f1ado para jugadores avanzados que buscan una combinaci\u00f3n perfecta de potencia y control. Con la incorporaci\u00f3n de materiales de alta calidad y tecnolog\u00edas innovadoras, esta pala ofrece un rendimiento superior en todas las \u00e1reas del juego.<\/p>","protected":false},"featured_media":404,"comment_status":"open","ping_status":"closed","template":"","meta":[],"product_brand":[],"product_cat":[76],"product_tag":[],"class_list":{"0":"post-324","1":"product","2":"type-product","3":"status-publish","4":"has-post-thumbnail","6":"product_cat-palas-pickleball","8":"first","9":"instock","10":"featured","11":"taxable","12":"shipping-taxable","13":"purchasable","14":"product-type-simple"},"_links":{"self":[{"href":"https:\/\/moshka.es\/en\/wp-json\/wp\/v2\/product\/324","targetHints":{"allow":["GET"]}}],"collection":[{"href":"https:\/\/moshka.es\/en\/wp-json\/wp\/v2\/product"}],"about":[{"href":"https:\/\/moshka.es\/en\/wp-json\/wp\/v2\/types\/product"}],"replies":[{"embeddable":true,"href":"https:\/\/moshka.es\/en\/wp-json\/wp\/v2\/comments?post=324"}],"wp:featuredmedia":[{"embeddable":true,"href":"https:\/\/moshka.es\/en\/wp-json\/wp\/v2\/media\/404"}],"wp:attachment":[{"href":"https:\/\/moshka.es\/en\/wp-json\/wp\/v2\/media?parent=324"}],"wp:term":[{"taxonomy":"product_brand","embeddable":true,"href":"https:\/\/moshka.es\/en\/wp-json\/wp\/v2\/product_brand?post=324"},{"taxonomy":"product_cat","embeddable":true,"href":"https:\/\/moshka.es\/en\/wp-json\/wp\/v2\/product_cat?post=324"},{"taxonomy":"product_tag","embeddable":true,"href":"https:\/\/moshka.es\/en\/wp-json\/wp\/v2\/product_tag?post=324"}],"curies":[{"name":"wp","href":"https:\/\/api.w.org\/{rel}","templated":true}]}}