{"id":329,"date":"2024-07-26T18:31:15","date_gmt":"2024-07-26T16:31:15","guid":{"rendered":"https:\/\/moshka.es\/?post_type=product&#038;p=329"},"modified":"2025-07-28T17:31:26","modified_gmt":"2025-07-28T15:31:26","slug":"original-pro-control","status":"publish","type":"product","link":"https:\/\/moshka.es\/en\/product\/original-pro-control\/","title":{"rendered":"Original Pro Control"},"content":{"rendered":"<p><strong>Caracter\u00edsticas y tecnolog\u00edas de la pala:<\/strong><\/p>\n<p>La pala destaca por el control del juego, pero tambi\u00e9n tiene una velocidad consistente para el juego de volea. Construida con fibra de carbono 3K, que proporciona un excelente equilibrio entre durabilidad y flexibilidad. Bordes termosellados para aumentar la estabilidad y ampliar el punto dulce. N\u00facleo compuesto por polipropileno (PP) en forma de panel de abeja, proporcionando una estructura r\u00edgida y resistente. Mango ideal para jugadores que utilizan el rev\u00e9s a dos manos. Distribuci\u00f3n equilibrada del peso y una forma est\u00e1ndar que optimiza el rendimiento en todas las \u00e1reas del juego.<\/p>\n<p><strong>Especificaciones t\u00e9cnicas: <\/strong><\/p>\n<ul>\n<li>Longitud pala: 40c<\/li>\n<li>Ancho pala: 19,5cm<\/li>\n<li>Longitud mango: 13cm<\/li>\n<li>Circunferencia mango: 11cm<\/li>\n<li>Peso: 225 +\/-5g<\/li>\n<li>Material pala: Fibra de Carbono 3K<\/li>\n<li>Forma pala: Est\u00e1ndar<\/li>\n<li>Material n\u00facleo: Polipropileno en forma de panel de abeja<\/li>\n<li>Anchura n\u00facleo: 13mm<\/li>\n<li>Protecci\u00f3n del canto: Si<\/li>\n<li>Aprobada por la USAPA<\/li>\n<\/ul>","protected":false},"excerpt":{"rendered":"<p>El modelo Original Pro Control est\u00e1 dise\u00f1ado para jugadores que priorizan el control sin sacrificar la potencia necesaria para realizar golpes efectivos. Este modelo se enfoca en proporcionar una precisi\u00f3n milim\u00e9trica y una respuesta r\u00e1pida en cada jugada, siendo ideal para aquellos que buscan dominar el ritmo del juego con una pala de alta calidad y tecnolog\u00eda avanzada.<\/p>","protected":false},"featured_media":406,"comment_status":"open","ping_status":"closed","template":"","meta":[],"product_brand":[],"product_cat":[76],"product_tag":[],"class_list":{"0":"post-329","1":"product","2":"type-product","3":"status-publish","4":"has-post-thumbnail","6":"product_cat-palas-pickleball","8":"first","9":"instock","10":"featured","11":"taxable","12":"shipping-taxable","13":"purchasable","14":"product-type-simple"},"_links":{"self":[{"href":"https:\/\/moshka.es\/en\/wp-json\/wp\/v2\/product\/329","targetHints":{"allow":["GET"]}}],"collection":[{"href":"https:\/\/moshka.es\/en\/wp-json\/wp\/v2\/product"}],"about":[{"href":"https:\/\/moshka.es\/en\/wp-json\/wp\/v2\/types\/product"}],"replies":[{"embeddable":true,"href":"https:\/\/moshka.es\/en\/wp-json\/wp\/v2\/comments?post=329"}],"wp:featuredmedia":[{"embeddable":true,"href":"https:\/\/moshka.es\/en\/wp-json\/wp\/v2\/media\/406"}],"wp:attachment":[{"href":"https:\/\/moshka.es\/en\/wp-json\/wp\/v2\/media?parent=329"}],"wp:term":[{"taxonomy":"product_brand","embeddable":true,"href":"https:\/\/moshka.es\/en\/wp-json\/wp\/v2\/product_brand?post=329"},{"taxonomy":"product_cat","embeddable":true,"href":"https:\/\/moshka.es\/en\/wp-json\/wp\/v2\/product_cat?post=329"},{"taxonomy":"product_tag","embeddable":true,"href":"https:\/\/moshka.es\/en\/wp-json\/wp\/v2\/product_tag?post=329"}],"curies":[{"name":"wp","href":"https:\/\/api.w.org\/{rel}","templated":true}]}}