{"id":340,"date":"2024-07-26T18:40:41","date_gmt":"2024-07-26T16:40:41","guid":{"rendered":"https:\/\/moshka.es\/?post_type=product&#038;p=340"},"modified":"2025-03-04T23:01:51","modified_gmt":"2025-03-04T22:01:51","slug":"overgrip-pack-3-uds","status":"publish","type":"product","link":"https:\/\/moshka.es\/en\/product\/overgrip-pack-3-uds\/","title":{"rendered":"Overgrip Pack 3 pcs"},"content":{"rendered":"<p><strong>Caracter\u00edsticas:<\/strong><\/p>\n<p>El Overgrip Perforado Moshka ofrece un tacto agradable y un agarre firme, ideal para jugadores que buscan control y retroalimentaci\u00f3n. Su superficie perforada mejora la ventilaci\u00f3n y absorbe el sudor, manteniendo las manos secas y el grip no resbaladizo. Perfecto para jugadores que sudan mucho, asegura un agarre consistente en alta humedad. Duradero y funcional, a\u00f1ade estilo a tu equipamiento de pickleball.<\/p>\n<p><strong>Especificaciones t\u00e9cnicas:<\/strong><\/p>\n<ul>\n<li>Pack de 3 Overgrips: Cada paquete incluye tres empu\u00f1aduras perforadas, ideales para reemplazar la empu\u00f1adura existente o para aumentar el grosor de la pala con una capa adicional.<\/li>\n<li>Ventilaci\u00f3n y Secado R\u00e1pido: Las perforaciones en la superficie aseguran una excelente absorci\u00f3n de la humedad y un secado r\u00e1pido, perfecto para jugadores con manos sudorosas.<\/li>\n<li>Material Fino y Duradero: Fabricado con materiales de alta calidad que garantizan un buen agarre y una larga duraci\u00f3n.<\/li>\n<\/ul>","protected":false},"excerpt":{"rendered":"<p>Los overgrips son cintas que se envuelven alrededor del mango de la raqueta o pala para mejorar el agarre. Sirven para proporcionar mayor comodidad, absorci\u00f3n de humedad y control durante el juego. Adem\u00e1s, ayudan a mantener las manos secas y evitan que el grip se vuelva resbaladizo, lo que es especialmente \u00fatil para jugadores que sudan mucho. Tambi\u00e9n permiten ajustar el grosor del mango seg\u00fan las preferencias del jugador y prolongan la vida \u00fatil del grip original.<\/p>","protected":false},"featured_media":401,"comment_status":"open","ping_status":"closed","template":"","meta":[],"product_brand":[],"product_cat":[80],"product_tag":[],"class_list":{"0":"post-340","1":"product","2":"type-product","3":"status-publish","4":"has-post-thumbnail","6":"product_cat-accesorios-pickleball","8":"first","9":"instock","10":"featured","11":"taxable","12":"shipping-taxable","13":"purchasable","14":"product-type-simple"},"_links":{"self":[{"href":"https:\/\/moshka.es\/en\/wp-json\/wp\/v2\/product\/340","targetHints":{"allow":["GET"]}}],"collection":[{"href":"https:\/\/moshka.es\/en\/wp-json\/wp\/v2\/product"}],"about":[{"href":"https:\/\/moshka.es\/en\/wp-json\/wp\/v2\/types\/product"}],"replies":[{"embeddable":true,"href":"https:\/\/moshka.es\/en\/wp-json\/wp\/v2\/comments?post=340"}],"wp:featuredmedia":[{"embeddable":true,"href":"https:\/\/moshka.es\/en\/wp-json\/wp\/v2\/media\/401"}],"wp:attachment":[{"href":"https:\/\/moshka.es\/en\/wp-json\/wp\/v2\/media?parent=340"}],"wp:term":[{"taxonomy":"product_brand","embeddable":true,"href":"https:\/\/moshka.es\/en\/wp-json\/wp\/v2\/product_brand?post=340"},{"taxonomy":"product_cat","embeddable":true,"href":"https:\/\/moshka.es\/en\/wp-json\/wp\/v2\/product_cat?post=340"},{"taxonomy":"product_tag","embeddable":true,"href":"https:\/\/moshka.es\/en\/wp-json\/wp\/v2\/product_tag?post=340"}],"curies":[{"name":"wp","href":"https:\/\/api.w.org\/{rel}","templated":true}]}}